{"id":10472,"date":"2023-06-23T14:55:10","date_gmt":"2023-06-23T12:55:10","guid":{"rendered":"https:\/\/www.computer-freun.de\/it-dozent\/?page_id=10472"},"modified":"2023-06-23T15:45:45","modified_gmt":"2023-06-23T13:45:45","slug":"ms-teams","status":"publish","type":"page","link":"https:\/\/www.computer-freun.de\/it-dozent\/ms-teams\/","title":{"rendered":"MS Teams &#8211; Optimieren Sie Ihre Produktivit\u00e4t"},"content":{"rendered":"<p>In der heutigen digitalen Arbeitswelt sind effektive Kommunikation und Zusammenarbeit entscheidend f\u00fcr den Erfolg eines Unternehmens. Microsoft Teams ist eine leistungsstarke Plattform, die es Teams erm\u00f6glicht, unabh\u00e4ngig von ihrem Standort nahtlos zusammenzuarbeiten. Um das volle Potenzial von Microsoft Teams auszusch\u00f6pfen, ist es wichtig, dass Mitarbeiterinnen und Mitarbeiter eine Schulung erhalten, die ihnen die erforderlichen Kenntnisse und F\u00e4higkeiten vermittelt.<\/p>\n<ol>\n<li>Einf\u00fchrung in Microsoft Teams: Die Schulung beginnt mit einer Einf\u00fchrung in Microsoft Teams, um den teilnehmenden Personen einen \u00dcberblick \u00fcber die Plattform zu geben. Dabei k\u00f6nnen grundlegende Funktionen wie Chat, Kan\u00e4le, Besprechungen und Dateifreigabe behandelt werden.<\/li>\n<li>Zusammenarbeit in Teams und Kan\u00e4len: Ein wichtiger Aspekt von Microsoft Teams ist die Zusammenarbeit in Teams und Kan\u00e4len. Die Schulung zeigt den Teilnehmenden, wie sie Teams erstellen, Mitglieder hinzuf\u00fcgen und Kan\u00e4le f\u00fcr bestimmte Projekte oder Themen einrichten. Die Zusammenarbeit an Dateien und das Teilen von Inhalten innerhalb von Teams und Kan\u00e4len werden ebenfalls behandelt.<\/li>\n<li>Besprechungen und Anrufe: Microsoft Teams bietet eine Vielzahl von Funktionen f\u00fcr Besprechungen und Anrufe. In der Schulung wird den Teilnehmenden beigebracht, wie sie Besprechungen planen, an ihnen teilnehmen, Bildschirme teilen und Aufzeichnungen durchf\u00fchren k\u00f6nnen.<\/li>\n<li>Best Practices und Tipps: Abschlie\u00dfend werden in der Schulung Best Practices und Tipps f\u00fcr die effektive Nutzung von Microsoft Teams vermittelt. Dazu geh\u00f6ren beispielsweise die Verwendung von @-Erw\u00e4hnungen, das Organisieren von Inhalten mit Tags, der effiziente Nutzen der Suchfunktion und das Setzen von Priorit\u00e4ten in Kan\u00e4len.<\/li>\n<\/ol>\n\n\n<div class=\"wp-block-cover aligncenter is-light\"><span aria-hidden=\"true\" class=\"wp-block-cover__background has-background-dim-0 has-background-dim\"><\/span><img loading=\"lazy\" decoding=\"async\" width=\"300\" height=\"158\" class=\"wp-block-cover__image-background wp-image-10481\" alt=\"MS Teams Schulung\" src=\"https:\/\/www.computer-freun.de\/it-dozent\/wp-content\/uploads\/msteams-e1687527429973.png\" data-object-fit=\"cover\"\/><div class=\"wp-block-cover__inner-container is-layout-flow wp-block-cover-is-layout-flow\">\n<p class=\"has-white-color has-black-background-color has-text-color has-background\">Eine Schulung f\u00fcr Microsoft Teams ist unerl\u00e4sslich, um das volle Potenzial der Plattform auszusch\u00f6pfen.<\/p>\n<\/div><\/div>\n","protected":false},"excerpt":{"rendered":"<p>In der heutigen digitalen Arbeitswelt sind effektive Kommunikation und Zusammenarbeit entscheidend f\u00fcr den Erfolg eines Unternehmens. Microsoft Teams ist eine leistungsstarke Plattform, die es Teams erm\u00f6glicht, unabh\u00e4ngig von ihrem Standort nahtlos zusammenzuarbeiten. Um das volle Potenzial von Microsoft Teams auszusch\u00f6pfen, ist es wichtig, dass Mitarbeiterinnen und Mitarbeiter eine Schulung erhalten, die ihnen die erforderlichen Kenntnisse [&hellip;]<\/p>\n","protected":false},"author":5,"featured_media":0,"parent":0,"menu_order":0,"comment_status":"closed","ping_status":"open","template":"","meta":{"footnotes":""},"class_list":["post-10472","page","type-page","status-publish","hentry"],"_links":{"self":[{"href":"https:\/\/www.computer-freun.de\/it-dozent\/wp-json\/wp\/v2\/pages\/10472","targetHints":{"allow":["GET"]}}],"collection":[{"href":"https:\/\/www.computer-freun.de\/it-dozent\/wp-json\/wp\/v2\/pages"}],"about":[{"href":"https:\/\/www.computer-freun.de\/it-dozent\/wp-json\/wp\/v2\/types\/page"}],"author":[{"embeddable":true,"href":"https:\/\/www.computer-freun.de\/it-dozent\/wp-json\/wp\/v2\/users\/5"}],"replies":[{"embeddable":true,"href":"https:\/\/www.computer-freun.de\/it-dozent\/wp-json\/wp\/v2\/comments?post=10472"}],"version-history":[{"count":0,"href":"https:\/\/www.computer-freun.de\/it-dozent\/wp-json\/wp\/v2\/pages\/10472\/revisions"}],"wp:attachment":[{"href":"https:\/\/www.computer-freun.de\/it-dozent\/wp-json\/wp\/v2\/media?parent=10472"}],"curies":[{"name":"wp","href":"https:\/\/api.w.org\/{rel}","templated":true}]}}