{"id":65,"date":"2013-05-24T09:19:47","date_gmt":"2013-05-24T07:19:47","guid":{"rendered":"http:\/\/www.computer-freun.de\/it-dozent\/?page_id=65"},"modified":"2024-02-01T11:08:38","modified_gmt":"2024-02-01T10:08:38","slug":"honorardozent","status":"publish","type":"page","link":"https:\/\/www.computer-freun.de\/it-dozent\/","title":{"rendered":"Unterricht mit Herz &#038; Verstand"},"content":{"rendered":"<div class=\"cfreunde-content-layout\">\n<div class=\"cfreunde-content-layout-row\">\n<div class=\"cfreunde-layout-cell layout-item-0\" style=\"width: 100%;\">\n<p style=\"text-align: center;\">Als Honorardozent aus Dresden unterrichte ich seit Januar 2000 gem\u00e4\u00df folgender Philosophie:<\/p>\n<\/div>\n<div class=\"cfreunde-layout-cell layout-item-0\" style=\"width: 100%; text-align: center;\">\n<table style=\"border-collapse: collapse; width: 100%;\">\n<tbody>\n<tr>\n<td style=\"width: 50%;\"><img loading=\"lazy\" decoding=\"async\" class=\" wp-image-127 alignleft\" src=\"http:\/\/www.computer-freun.de\/it-dozent\/wp-content\/uploads\/btlaempel1.png\" alt=\"Honorardozent\" width=\"325\" height=\"440\" srcset=\"https:\/\/www.computer-freun.de\/it-dozent\/wp-content\/uploads\/btlaempel1.png 357w, https:\/\/www.computer-freun.de\/it-dozent\/wp-content\/uploads\/btlaempel1-221x300.png 221w\" sizes=\"auto, (max-width: 325px) 100vw, 325px\" \/><\/td>\n<td style=\"width: 50%;\">\n<p style=\"text-align: center;\">Also lautet ein Beschluss:<\/p>\n<p style=\"text-align: center;\">Dass der Mensch was lernen muss.<\/p>\n<p style=\"text-align: center;\">Nicht allein das ABC<\/p>\n<p style=\"text-align: center;\">Bringt den Menschen in die H\u00f6h&#8217;,<\/p>\n<p style=\"text-align: center;\">Nicht allein im Schreiben, Lesen,<\/p>\n<p style=\"text-align: center;\">\u00dcbt sich ein vern\u00fcnftig Wesen,<\/p>\n<p style=\"text-align: center;\">Nicht allein in Rechnungssachen<\/p>\n<p style=\"text-align: center;\">Soll der Mensch sich M\u00fche machen,<\/p>\n<p style=\"text-align: center;\">Sondern auch der Weisheit Lehren<\/p>\n<p style=\"text-align: center;\">Muss man mit Vergn\u00fcgen h\u00f6ren.<\/p>\n<p style=\"text-align: center;\"><strong>Dass dies mit Verstand geschah, <\/strong><\/p>\n<p style=\"text-align: center;\"><strong>war\u2019n \u201cComputer-Freun.de\u201d da.<\/strong><\/p>\n<\/td>\n<\/tr>\n<\/tbody>\n<\/table>\n<\/div>\n<\/div>\n<\/div>\n<div class=\"cfreunde-content-layout\" style=\"text-align: center;\">\n<div class=\"cfreunde-content-layout-row\">\n<div class=\"cfreunde-layout-cell layout-item-0\" style=\"width: 100%; text-align: center;\"><\/div>\n<\/div>\n<\/div>\n<div style=\"text-align: center;\" align=\"Left\">Seit dem Jahre 2000 arbeitete ich als freiberuflicher Honorardozent im Bereich Office-Anwendungen, Betriebssysteme, Grafikbearbeitung und Deutsch.<\/div>\n<div style=\"text-align: center;\" align=\"Left\"><strong>(Im September 2022 gab ich meine Selbst\u00e4ndigkeit (krankheitsbedingt) auf<br \/>\nund arbeite seither als Dozent f\u00fcr das Bechtle-Schulungszentrum in Dresden.<\/strong><\/div>\n<div style=\"text-align: center;\" align=\"Left\"><strong>Sie k\u00f6nnen mich weiterhin f\u00fcr Kurse buchen-<\/strong><br \/>\n<strong>allerdings unter der Regie und zu Konditionen des Bechtle-Schulungszentrums Dresden.)<\/strong><br \/>\nDabei betrachte ich es immer wieder als Herausforderung und Ansporn, Einsteigern, Umsteigern und Profis gleicherma\u00dfen gerecht zu werden.<br \/>\nDie Dozentent\u00e4tigkeit ist f\u00fcr mich Beruf und Hobby in Einem.<\/div>\n","protected":false},"excerpt":{"rendered":"<p>Als Honorardozent aus Dresden unterrichte ich seit Januar 2000 gem\u00e4\u00df folgender Philosophie: Also lautet ein Beschluss: Dass der Mensch was lernen muss. Nicht allein das ABC Bringt den Menschen in die H\u00f6h&#8217;, Nicht allein im Schreiben, Lesen, \u00dcbt sich ein vern\u00fcnftig Wesen, Nicht allein in Rechnungssachen Soll der Mensch sich M\u00fche machen, Sondern auch der [&hellip;]<\/p>\n","protected":false},"author":5,"featured_media":0,"parent":0,"menu_order":1,"comment_status":"closed","ping_status":"open","template":"","meta":{"footnotes":""},"class_list":["post-65","page","type-page","status-publish","hentry"],"_links":{"self":[{"href":"https:\/\/www.computer-freun.de\/it-dozent\/wp-json\/wp\/v2\/pages\/65","targetHints":{"allow":["GET"]}}],"collection":[{"href":"https:\/\/www.computer-freun.de\/it-dozent\/wp-json\/wp\/v2\/pages"}],"about":[{"href":"https:\/\/www.computer-freun.de\/it-dozent\/wp-json\/wp\/v2\/types\/page"}],"author":[{"embeddable":true,"href":"https:\/\/www.computer-freun.de\/it-dozent\/wp-json\/wp\/v2\/users\/5"}],"replies":[{"embeddable":true,"href":"https:\/\/www.computer-freun.de\/it-dozent\/wp-json\/wp\/v2\/comments?post=65"}],"version-history":[{"count":0,"href":"https:\/\/www.computer-freun.de\/it-dozent\/wp-json\/wp\/v2\/pages\/65\/revisions"}],"wp:attachment":[{"href":"https:\/\/www.computer-freun.de\/it-dozent\/wp-json\/wp\/v2\/media?parent=65"}],"curies":[{"name":"wp","href":"https:\/\/api.w.org\/{rel}","templated":true}]}}