{"id":67,"date":"2013-05-24T09:19:49","date_gmt":"2013-05-24T07:19:49","guid":{"rendered":"http:\/\/www.computer-freun.de\/it-dozent\/?page_id=67"},"modified":"2023-06-23T13:22:03","modified_gmt":"2023-06-23T11:22:03","slug":"portfolio","status":"publish","type":"page","link":"https:\/\/www.computer-freun.de\/it-dozent\/portfolio\/","title":{"rendered":"MS Office"},"content":{"rendered":"<table class=\"htmtableborders\" style=\"width: 100%;\" border=\"0\">\n<tbody>\n<tr>\n<td style=\"width: 25%;\" align=\"left\" valign=\"top\">Office 2021 \/ MS 365:<\/td>\n<td style=\"width: 0.725163%;\"><\/td>\n<td>Wo befindet sich was? Alle Neuerungen im \u00dcberblick,<br \/>\n<span style=\"font-weight: bold;\">Word, Excel, PowerPoint, Access, Outlook, OneNote<\/span><\/td>\n<\/tr>\n<tr>\n<td style=\"width: 25%;\" align=\"left\" valign=\"top\">Word:<\/td>\n<td style=\"width: 0.725163%;\"><\/td>\n<td style=\"text-align: left; width: 82.5883%;\">Textverarbeitung vom Einstieg bis hin zu Formularen und dem Datenaustausch innerhalb der Office-Familie<\/td>\n<\/tr>\n<tr>\n<td style=\"width: 25%;\" align=\"left\" valign=\"top\">Excel:<\/td>\n<td style=\"width: 0.725163%;\"><\/td>\n<td style=\"width: 82.5883%;\">Tabellenkalkulation f\u00fcr Einsteiger und Profis Pivot, Zielwertsuche, Datenbankarbeit, externe Datenanbindung<\/td>\n<\/tr>\n<tr>\n<td style=\"width: 25%;\" align=\"left\" valign=\"top\">PowerPoint:<\/td>\n<td style=\"width: 0.725163%;\"><\/td>\n<td style=\"width: 82.5883%;\">Pr\u00e4sentationsprogramm effektiv einsetzen, Arbeit mit den Mastern, Arbeit in der Gliederungsansicht,<br \/>\ninteraktive Pr\u00e4sentationen &amp; \u201cselbst ablaufende Folienschau\u201d erstellen<\/td>\n<\/tr>\n<tr>\n<td style=\"width: 25%;\" align=\"left\" valign=\"top\">Access:<\/td>\n<td style=\"width: 0.725163%;\"><\/td>\n<td style=\"width: 82.5883%;\">Datenbanken planen Tabellen anlegen und optimieren Abfragen, Berichte &amp; Formulare erstellen Datenaustausch mit Word &amp; Excel<\/td>\n<\/tr>\n<tr>\n<td style=\"width: 25%;\" align=\"left\" valign=\"top\">Outlook:<\/td>\n<td style=\"width: 0.725163%;\"><\/td>\n<td style=\"width: 82.5883%;\">der <span style=\"font-weight: bold;\">P<\/span>ersonal <span style=\"font-weight: bold;\">I<\/span>nformation <span style=\"font-weight: bold;\">M<\/span>anager komplett<\/td>\n<\/tr>\n<\/tbody>\n<\/table>\n<p>Seit 1990 (Office 1.0) arbeite ich beruflich ununterbrochen mit dem MS Office-Paket in der jeweilig aktuellen Version (z.Zt. Office 2019 \/ 365).<\/p>\n<p>In der Kombination aus praxisbezogenen Kenntnissen, Lust und Neugier auf Neues und theoretisch-methodischem Unterbau, mit einer F\u00fclle aktueller \u00dcbungen, wird es allen \u201cUmsteigern\u201d leicht fallen, sich in das neue Konzept hinein zu finden!<br \/>\nDurch die langj\u00e4hrige prakische Arbeit mit dem gesamten Office-Paket, sollten auch \u201cungew\u00f6hnliche\u201d Anwenderprobleme fachkompetent beantwortet werden k\u00f6nnen!<\/p>\n<p><span style=\"font-weight: bold;\">Ziel:<\/span> Sie lernen den Aufbau der optimierten Benutzeroberfl\u00e4che und die neue Struktur der OfficeAnwendungen kennen. Sie wissen, wo die Funktionen, Befehle und M\u00f6glichkeiten unter der neuen Oberfl\u00e4che zu finden sind. Sie k\u00f6nnen die neuen Funktionen in den OfficeProdukten anwenden.<\/p>\n<p style=\"text-align: center;\">\u00a0[carousel cats=1]<\/p>\n","protected":false},"excerpt":{"rendered":"<p>Office 2021 \/ MS 365: Wo befindet sich was? Alle Neuerungen im \u00dcberblick, Word, Excel, PowerPoint, Access, Outlook, OneNote Word: Textverarbeitung vom Einstieg bis hin zu Formularen und dem Datenaustausch innerhalb der Office-Familie Excel: Tabellenkalkulation f\u00fcr Einsteiger und Profis Pivot, Zielwertsuche, Datenbankarbeit, externe Datenanbindung PowerPoint: Pr\u00e4sentationsprogramm effektiv einsetzen, Arbeit mit den Mastern, Arbeit in der [&hellip;]<\/p>\n","protected":false},"author":5,"featured_media":0,"parent":0,"menu_order":3,"comment_status":"closed","ping_status":"open","template":"","meta":{"footnotes":""},"class_list":["post-67","page","type-page","status-publish","hentry"],"_links":{"self":[{"href":"https:\/\/www.computer-freun.de\/it-dozent\/wp-json\/wp\/v2\/pages\/67","targetHints":{"allow":["GET"]}}],"collection":[{"href":"https:\/\/www.computer-freun.de\/it-dozent\/wp-json\/wp\/v2\/pages"}],"about":[{"href":"https:\/\/www.computer-freun.de\/it-dozent\/wp-json\/wp\/v2\/types\/page"}],"author":[{"embeddable":true,"href":"https:\/\/www.computer-freun.de\/it-dozent\/wp-json\/wp\/v2\/users\/5"}],"replies":[{"embeddable":true,"href":"https:\/\/www.computer-freun.de\/it-dozent\/wp-json\/wp\/v2\/comments?post=67"}],"version-history":[{"count":0,"href":"https:\/\/www.computer-freun.de\/it-dozent\/wp-json\/wp\/v2\/pages\/67\/revisions"}],"wp:attachment":[{"href":"https:\/\/www.computer-freun.de\/it-dozent\/wp-json\/wp\/v2\/media?parent=67"}],"curies":[{"name":"wp","href":"https:\/\/api.w.org\/{rel}","templated":true}]}}