{"id":69,"date":"2013-05-24T07:19:00","date_gmt":"2013-05-24T05:19:00","guid":{"rendered":"http:\/\/www.computer-freun.de\/it-dozent\/?page_id=69"},"modified":"2025-02-19T09:52:34","modified_gmt":"2025-02-19T08:52:34","slug":"ms-office","status":"publish","type":"page","link":"https:\/\/www.computer-freun.de\/it-dozent\/portfolio\/ms-office\/","title":{"rendered":"MS Office (aktuell 2024 \/ 365)"},"content":{"rendered":"<blockquote><p>Alles begann 1990, mit der MS Office-Version 1.0. Als begeisterter Umsteiger der Robotron-Vorl\u00e4ufer wie REDABAS, MultiCalc und WordStar faszinierte mich die graphische Benutzeroberfl\u00e4che von Beginn an. Geblieben aus dieser Zeit ist eine Affinit\u00e4t zu den Tastenkombinationen (Shortcuts) und ein ausgepr\u00e4gtes Verst\u00e4ndnis f\u00fcr die technischen Abl\u00e4ufe im Hintergrund.<\/p>\n<p>Ich habe seit 1990 jede aktuelle Office-Version mit Begeisterung genutzt, ganz gleich ob diese wirklich besser war oder nur einen Marketing-Gag aus Redmond darstellte.<br \/>\n<span style=\"background-color: #ffffff; font-size: 16px;\">Aktuell arbeite ich mit der MS Office-Version 2024 \/ 365.<\/span><\/p><\/blockquote>\n<p>Im Office-Bereich schule ich:<\/p>\n<ul>\n<li>MS <strong>Word<\/strong>\u00a0 &#8211; vom Einsteiger \u00fcber die Serienbriefgestaltung, die Formulargestaltung, bis zum &#8220;Erstellen von umfangreichen Dokumenten&#8221; (auch wissenschaftlichen Dokumentationen mit\u00a0 LATEX-Elementen).\n<ul>\n<li>gerne auch<span style=\"color: #ff0000;\"><em> LibreOffice Writer<\/em><\/span>, als Open Source Pendant zu Word<\/li>\n<\/ul>\n<\/li>\n<li>MS <strong>Excel<\/strong>\u00a0 &#8211; vom Einsteiger \u00fcber Funktionen und Matrix bis zu Pivot, Solver, Auswertung externer Daten, Power Query und Dashboard-Erstellung\n<ul>\n<li>gerne auch <span style=\"color: #ff0000;\"><em>LibreOffice Calc<\/em><\/span>, als Open Source Pendant zu Excel<\/li>\n<\/ul>\n<\/li>\n<li>MS <strong>PowerPoint<\/strong>\u00a0 &#8211; vom Einsteiger \u00fcber Arbeiten in der Gliederungsansicht bis zum Folienmaster und Videoexport<\/li>\n<li>MS <strong>Access<\/strong>\u00a0 &#8211; vom Einsteiger \u00fcber den normalen Endanwender bis hin zu SQL<br \/>\n(Schwerpunkt sind die Endanwender, die h\u00e4ufig mit zu viel Theorie und zu wenig Praxis \u00fcberfordert werden)<\/li>\n<li>MS <strong>Outlook<\/strong>\u00a0 &#8211; vom Einsteiger \u00fcber den Umsteiger bis hin zu Administratoren<\/li>\n<li>MS <strong>Publisher<\/strong> &#8211; vom Einsteiger \u00fcber Serienmails bis zu DTP-Professionales (wenn diese Adobe InDesign nicht nutzen sollten)<\/li>\n<li>MS <strong>OneNote<\/strong> &#8211; das wohl am meisten untersch\u00e4tzte Programm aus der MS Office-Familie<\/li>\n<li>MS <strong>Teams<\/strong> &#8211; der Meilenstein in der gemeinsamen Bearbeitung der o.g. Office Programme<\/li>\n<\/ul>\n<p>Gern unterrichte ich auch Vorg\u00e4ngerversionen wie: 2021, 2019, 2016, 2013, 2010, 2007, 2003, XP, 2000 oder 97 bzw. deren <strong>Apple<\/strong> \/ Macintosh Pendants 2016, 2011 und 2008.<\/p>\n<p>Auf Grund jahrelanger praktischer Erfahrung -ich arbeite produktiv mit den Office-Programmen- ist es m\u00f6glich, schnell situationsbedingt zu reagieren und auch ausgefallenen Kundenw\u00fcnsche zu deren Zufriedenheit zu beantworten<br \/>\n&#8230;meistens\u00a0;-) .<\/p>\n","protected":false},"excerpt":{"rendered":"<p>Alles begann 1990, mit der MS Office-Version 1.0. Als begeisterter Umsteiger der Robotron-Vorl\u00e4ufer wie REDABAS, MultiCalc und WordStar faszinierte mich die graphische Benutzeroberfl\u00e4che von Beginn an. Geblieben aus dieser Zeit ist eine Affinit\u00e4t zu den Tastenkombinationen (Shortcuts) und ein ausgepr\u00e4gtes Verst\u00e4ndnis f\u00fcr die technischen Abl\u00e4ufe im Hintergrund. Ich habe seit 1990 jede aktuelle Office-Version mit [&hellip;]<\/p>\n","protected":false},"author":5,"featured_media":0,"parent":67,"menu_order":5,"comment_status":"closed","ping_status":"open","template":"","meta":{"footnotes":""},"class_list":["post-69","page","type-page","status-publish","hentry"],"_links":{"self":[{"href":"https:\/\/www.computer-freun.de\/it-dozent\/wp-json\/wp\/v2\/pages\/69","targetHints":{"allow":["GET"]}}],"collection":[{"href":"https:\/\/www.computer-freun.de\/it-dozent\/wp-json\/wp\/v2\/pages"}],"about":[{"href":"https:\/\/www.computer-freun.de\/it-dozent\/wp-json\/wp\/v2\/types\/page"}],"author":[{"embeddable":true,"href":"https:\/\/www.computer-freun.de\/it-dozent\/wp-json\/wp\/v2\/users\/5"}],"replies":[{"embeddable":true,"href":"https:\/\/www.computer-freun.de\/it-dozent\/wp-json\/wp\/v2\/comments?post=69"}],"version-history":[{"count":0,"href":"https:\/\/www.computer-freun.de\/it-dozent\/wp-json\/wp\/v2\/pages\/69\/revisions"}],"up":[{"embeddable":true,"href":"https:\/\/www.computer-freun.de\/it-dozent\/wp-json\/wp\/v2\/pages\/67"}],"wp:attachment":[{"href":"https:\/\/www.computer-freun.de\/it-dozent\/wp-json\/wp\/v2\/media?parent=69"}],"curies":[{"name":"wp","href":"https:\/\/api.w.org\/{rel}","templated":true}]}}