{"id":82,"date":"2013-05-24T09:20:04","date_gmt":"2013-05-24T07:20:04","guid":{"rendered":"http:\/\/www.computer-freun.de\/it-dozent\/?page_id=82"},"modified":"2025-11-09T13:08:42","modified_gmt":"2025-11-09T12:08:42","slug":"impressum","status":"publish","type":"page","link":"https:\/\/www.computer-freun.de\/it-dozent\/impressum\/","title":{"rendered":"Impressum"},"content":{"rendered":"\n<p>Alle hier verwendeten Namen, Begriffe, Zeichen und Grafiken k\u00f6nnen Marken- oder Warenzeichen im Besitze ihrer rechtlichen Eigent\u00fcmer sein.<br>\nDie Rechte aller erw\u00e4hnten und benutzten Marken- und Warenzeichen liegen ausschlie\u00dflich bei deren Besitzern.<\/p>\n\n\n\n<figure class=\"wp-block-table cfreunde-preview-show-borders-table\"><table class=\"has-fixed-layout\"><tbody><tr><td><span style=\"font-family: Arial;\"><img loading=\"lazy\" decoding=\"async\" width=\"16\" height=\"16\" class=\"alignnone size-full wp-image-30\" src=\"http:\/\/www.computer-freun.de\/it-dozent\/wp-content\/uploads\/adresse-large.png\" alt=\"adresse-large\">\u00a0\u00a0<\/span>Firmeninformationen:<br><br><span style=\"font-size: 13px;\">Computer-Freun.de<br>c\/o Bj\u00f6rn Trinks<br><\/span><span style=\"font-family: inherit; font-size: inherit;\">Pfaffensteinstra\u00dfe 8<br>01277 Dresden<br>Deutschland<\/span><br><br>\u2121 <strong>0351 \u2013 374 23 77<\/strong><br>\u213b <strong>0351 &#8211; 408 75 59<\/strong><br><strong><img decoding=\"async\" class=\"cfreunde-lightbox\" src=\"http:\/\/www.computer-freun.de\/it-dozent\/wp-content\/uploads\/www.png\" alt=\"\"><\/strong> <a href=\"http:\/\/www.computer-freun.de\">www.computer-freun.de<\/a><br><strong><img decoding=\"async\" class=\"cfreunde-lightbox\" src=\"http:\/\/www.computer-freun.de\/it-dozent\/wp-content\/uploads\/mail.png\" alt=\"\"><\/strong> <a href=\"mailto:btrinks@gmail.com\">btrinks@gmail.com<\/a><br><\/td><\/tr><tr><td><p style=\"text-align: left;\">Gesch\u00e4ftsf\u00fchrung:\u00a0 Bj\u00f6rn Trinks<br><br>Inhaltlich verantwortlich: Bj\u00f6rn Trinks<br><br>Gerichtsstand: DresdenHinweise:<\/p><br><pre>Plattform der Europ\u00e4ischen Kommission zur Online-Streitbeilegung (OS) f\u00fcr<\/pre> <span style=\"font-family: inherit; font-size: inherit; font-weight: inherit; color: initial;\">Verbraucher:<\/span><br><pre><a href=\"https:\/\/ec.europa.eu\/consumers\/odr\/\" target=\"_blank\" rel=\"noopener noreferrer\">https:\/\/ec.europa.eu\/consumers\/odr\/<\/a>.<\/pre><br><pre>Wir sind nicht bereit und nicht verpflichtet an einem<\/pre><br><pre>Streitbeilegungsverfahren vor einer<\/pre><br><pre>Verbraucherschlichtungsstelle teilzunehmen.<\/pre><br><\/td><\/tr><tr><td>Informationen zum Datenschutz:<strong> <em><a title=\"Datenschutz\" href=\"https:\/\/www.computer-freun.de\/it-dozent\/datenschutzerklaerung\/\" rel=\"nofollow \">Datenschutz<\/a><\/em><\/strong><\/td><\/tr><tr><td><\/td><\/tr><tr><td>Informationen zu den Nutzungsbedingungen:<strong> <a title=\"Nutzungsbedingungen\" href=\"https:\/\/www.computer-freun.de\/it-dozent\/impressum\/nutzungsbedingungen\/\"><em>Nutzungsbedingungen<\/em><\/a><\/strong><\/td><\/tr><\/tbody><\/table><\/figure>\n","protected":false},"excerpt":{"rendered":"<p>Alle hier verwendeten Namen, Begriffe, Zeichen und Grafiken k\u00f6nnen Marken- oder Warenzeichen im Besitze ihrer rechtlichen Eigent\u00fcmer sein. Die Rechte aller erw\u00e4hnten und benutzten Marken- und Warenzeichen liegen ausschlie\u00dflich bei deren Besitzern. \u00a0\u00a0Firmeninformationen: Computer-Freun.dec\/o Bj\u00f6rn TrinksPfaffensteinstra\u00dfe 801277 DresdenDeutschland \u2121 0351 \u2013 374 23 77\u213b 0351 &#8211; 408 75 59 www.computer-freun.de btrinks@gmail.com Gesch\u00e4ftsf\u00fchrung:\u00a0 Bj\u00f6rn Trinks Inhaltlich [&hellip;]<\/p>\n","protected":false},"author":5,"featured_media":0,"parent":0,"menu_order":18,"comment_status":"closed","ping_status":"open","template":"","meta":{"footnotes":""},"class_list":["post-82","page","type-page","status-publish","hentry"],"_links":{"self":[{"href":"https:\/\/www.computer-freun.de\/it-dozent\/wp-json\/wp\/v2\/pages\/82","targetHints":{"allow":["GET"]}}],"collection":[{"href":"https:\/\/www.computer-freun.de\/it-dozent\/wp-json\/wp\/v2\/pages"}],"about":[{"href":"https:\/\/www.computer-freun.de\/it-dozent\/wp-json\/wp\/v2\/types\/page"}],"author":[{"embeddable":true,"href":"https:\/\/www.computer-freun.de\/it-dozent\/wp-json\/wp\/v2\/users\/5"}],"replies":[{"embeddable":true,"href":"https:\/\/www.computer-freun.de\/it-dozent\/wp-json\/wp\/v2\/comments?post=82"}],"version-history":[{"count":2,"href":"https:\/\/www.computer-freun.de\/it-dozent\/wp-json\/wp\/v2\/pages\/82\/revisions"}],"predecessor-version":[{"id":10550,"href":"https:\/\/www.computer-freun.de\/it-dozent\/wp-json\/wp\/v2\/pages\/82\/revisions\/10550"}],"wp:attachment":[{"href":"https:\/\/www.computer-freun.de\/it-dozent\/wp-json\/wp\/v2\/media?parent=82"}],"curies":[{"name":"wp","href":"https:\/\/api.w.org\/{rel}","templated":true}]}}